{"id":334,"date":"2024-01-26T16:49:08","date_gmt":"2024-01-26T21:49:08","guid":{"rendered":"http:\/\/iltinellony.com\/west\/?page_id=334"},"modified":"2026-01-20T11:56:45","modified_gmt":"2026-01-20T16:56:45","slug":"menus","status":"publish","type":"page","link":"https:\/\/iltinellony.com\/west\/menus\/","title":{"rendered":"Menus"},"content":{"rendered":"[vc_row type=&#8221;full_width_background&#8221; full_screen_row_position=&#8221;middle&#8221; column_margin=&#8221;default&#8221; column_direction=&#8221;default&#8221; column_direction_tablet=&#8221;default&#8221; column_direction_phone=&#8221;default&#8221; bg_color=&#8221;#000000&#8243; scene_position=&#8221;center&#8221; text_color=&#8221;dark&#8221; text_align=&#8221;left&#8221; row_border_radius=&#8221;none&#8221; row_border_radius_applies=&#8221;bg&#8221; overflow=&#8221;visible&#8221; id=&#8221;lunch-dinner-menu&#8221; overlay_strength=&#8221;0.3&#8243; gradient_direction=&#8221;left_to_right&#8221; shape_divider_position=&#8221;bottom&#8221; bg_image_animation=&#8221;none&#8221; gradient_type=&#8221;default&#8221; shape_type=&#8221;&#8221;][vc_column column_padding=&#8221;no-extra-padding&#8221; column_padding_tablet=&#8221;inherit&#8221; column_padding_phone=&#8221;inherit&#8221; column_padding_position=&#8221;all&#8221; column_element_direction_desktop=&#8221;default&#8221; column_element_spacing=&#8221;default&#8221; desktop_text_alignment=&#8221;default&#8221; tablet_text_alignment=&#8221;default&#8221; phone_text_alignment=&#8221;default&#8221; background_color_opacity=&#8221;1&#8243; background_hover_color_opacity=&#8221;1&#8243; column_backdrop_filter=&#8221;none&#8221; column_shadow=&#8221;none&#8221; column_border_radius=&#8221;none&#8221; column_link_target=&#8221;_self&#8221; column_position=&#8221;default&#8221; gradient_direction=&#8221;left_to_right&#8221; overlay_strength=&#8221;0.3&#8243; width=&#8221;1\/1&#8243; tablet_width_inherit=&#8221;default&#8221; animation_type=&#8221;default&#8221; bg_image_animation=&#8221;none&#8221; border_type=&#8221;simple&#8221; column_border_width=&#8221;none&#8221; column_border_style=&#8221;solid&#8221;][vc_row_inner column_margin=&#8221;default&#8221; column_direction=&#8221;default&#8221; column_direction_tablet=&#8221;default&#8221; column_direction_phone=&#8221;default&#8221; text_align=&#8221;left&#8221; row_position=&#8221;default&#8221; row_position_tablet=&#8221;inherit&#8221; row_position_phone=&#8221;inherit&#8221; overflow=&#8221;visible&#8221; pointer_events=&#8221;all&#8221;][vc_column_inner column_padding=&#8221;no-extra-padding&#8221; column_padding_tablet=&#8221;inherit&#8221; column_padding_phone=&#8221;inherit&#8221; column_padding_position=&#8221;all&#8221; column_element_direction_desktop=&#8221;default&#8221; column_element_spacing=&#8221;default&#8221; centered_text=&#8221;true&#8221; desktop_text_alignment=&#8221;default&#8221; tablet_text_alignment=&#8221;default&#8221; phone_text_alignment=&#8221;default&#8221; background_color=&#8221;#ffffff&#8221; background_color_opacity=&#8221;1&#8243; background_hover_color_opacity=&#8221;1&#8243; column_backdrop_filter=&#8221;none&#8221; font_color=&#8221;#000000&#8243; column_shadow=&#8221;none&#8221; column_border_radius=&#8221;none&#8221; column_link_target=&#8221;_self&#8221; overflow=&#8221;visible&#8221; gradient_direction=&#8221;left_to_right&#8221; overlay_strength=&#8221;0.3&#8243; width=&#8221;1\/1&#8243; tablet_width_inherit=&#8221;default&#8221; animation_type=&#8221;default&#8221; bg_image_animation=&#8221;none&#8221; border_type=&#8221;simple&#8221; column_border_width=&#8221;none&#8221; column_border_style=&#8221;solid&#8221; column_padding_type=&#8221;default&#8221; gradient_type=&#8221;default&#8221;][image_with_animation image_url=&#8221;808&#8243; image_size=&#8221;full&#8221; animation_type=&#8221;entrance&#8221; animation=&#8221;None&#8221; animation_movement_type=&#8221;transform_y&#8221; hover_animation=&#8221;none&#8221; alignment=&#8221;&#8221; border_radius=&#8221;none&#8221; box_shadow=&#8221;none&#8221; image_loading=&#8221;default&#8221; max_width=&#8221;100%&#8221; max_width_mobile=&#8221;default&#8221;][divider line_type=&#8221;No Line&#8221; custom_height=&#8221;40&#8243;][vc_column_text text_direction=&#8221;default&#8221;]\n<h3>LUNCH &amp; DINNER<\/h3>\n<p>&nbsp;<\/p>\n<p><strong>Antipasti<\/strong><\/p>\n<p>ANTIPASTO CALDO IL TINELLO &#8211; 27.00<br \/>\nAssorted Hot Antipasto<\/p>\n<p>INSALATA FRUTA DI MARE &#8211; 28.00<\/p>\n<p>CALAMARI FRITTI &#8211; 23.00<\/p>\n<p>POLPO TINELLO &#8211; 29.00<\/p>\n<p>PEPERONI ALLA BRACE CON ALICI &#8211; 21.00<br \/>\nRoasted Red and Yellow Peppers with Anchovies<\/p>\n<p>ANTIPASTO FREDDO &#8211; 21.00<br \/>\nCold Antipasto<\/p>\n<p>BRESAOLA &#8211; 24.00<br \/>\nFine Sliced Air Dried Special Beef<\/p>\n<p>PROSCIUTTO DI PARMA E MELONE &#8211; 24.00<br \/>\nItalian Ham with Melon<\/p>\n<p>VONGOLE OREGANATE O CASINO &#8211; 23.00<br \/>\nClams, Baked or Casino<\/p>\n<p>SCAMPI ALLA LUIGI &#8211; 24.50<br \/>\nScampi with White Wine, Garlic and Fresh Herbs,<br \/>\nCannellini Beans and Cherry Tomatoes<\/p>\n<p>MOZZARELLA DI BUFALA<br \/>\nCON PEPERONI &#8211; 24.00<\/p>\n<p>CARPACCIO DI MANZO CON<br \/>\nPARMIGIANO, RUCOLA E PALMITO &#8211; 23.00<\/p>\n<p>SEAFOOD WITH MUSHROOMS<br \/>\nALLA MARGHERITA &#8211; 27.00<br \/>\nScallops, Shrimp and Mushrooms<\/p>\n<p>SPIEDINI ALLA ROMANO &#8211; 23.00<\/p>\n<p>&nbsp;<\/p>\n<p><strong>Minestra<\/strong><\/p>\n<p>STRACCIATELLA FIORENTINA &#8211; 19.00<br \/>\nEgg Drops with Spinach<\/p>\n<p>MINESTRONE TOSCANA &#8211; 22.00<\/p>\n<p>PASTINA IN BRODO &#8211; 18.00<br \/>\nPastina in Broth<\/p>\n<p>ZUPPA IL TINELLO &#8211; 23.00<br \/>\nWhite Beans and Tubetti<\/p>\n<p>ZUPPA DI SPINACI &#8211; 18.00<br \/>\nSpinach Broth<\/p>\n<p>CAPPELLONI IN BRODO &#8211; 19.50<\/p>\n<p>&nbsp;<\/p>\n<p><strong>Farinacei<\/strong><\/p>\n<p>FARFALLE IL TINELLO &#8211; 29.50<br \/>\nFresh Tomatoes, Clams and Broccoli<\/p>\n<p>SPAGHETTI AL POMODORO<br \/>\nE BASILICO &#8211; 28.50<\/p>\n<p>PENNE ALLA SALMONE &#8211; 33.95<br \/>\nNorwegian Salmon, Cherry Tomatoes, Broccoli,<br \/>\nOil and Garlic<\/p>\n<p>CANNELLONI &#8211; 35.00<br \/>\nStuffed with Meat<\/p>\n<p>SPAGHETTI CARBONARA &#8211; 33.00<br \/>\nSpaghetti with Onions &amp; Pancetta<\/p>\n<p>CAPELLI D\u2019ANGELO PRIMAVERA &#8211; 35.00<\/p>\n<p>TAGLIERINI IL TINELLO &#8211; 37.00<\/p>\n<p>GNOCCHI AL QUATTRO FORMAGGI &#8211; 35.00<\/p>\n<p>LINGUINE ALL\u2019 AMATRICIANA &#8211; 32.00<br \/>\nFlat Spaghetti with Tomato, Pancetta &amp; Onions<\/p>\n<p>RIGATONI AL TRE FUNGHI &#8211; 34.00<\/p>\n<p>AGNOLOTTI ALLA \u201cREGIS\u201d &#8211; 32.00<br \/>\nMascarpone, Asparagus with a Touch of<br \/>\nFresh Tomatoes &amp; Almonds<\/p>\n<p>RISOTTO A PIACERE &#8211;<\/p>\n<p>SPAGHETTI ALLA RADICCHIO &#8211; 37.00<br \/>\nScallions, Shrimp, Radicchio &amp; Fresh Tomatoes<\/p>\n<p>PASTA ALLA \u201cICAHN\u201d &#8211; 31.00<\/p>\n<p>INTEGRALI ALLA FUNGI &#8211; 34.50<br \/>\nMixed Mushrooms, Mozzarella Strips, Garlic,<br \/>\nTruffle Oil<\/p>\n<p>RIGATONI SCHIAVONE &#8211; 31.95<br \/>\nFresh Tomatoes, Gaeta Olives &amp; Diced Mozzarella<\/p>\n<p>PAGLIE E FIENO &#8211; 33.00<br \/>\nWhite and Green Noodles in<br \/>\nCream Sauce with Ham<\/p>\n<p>MANICOTTI DI RICOTTA &#8211; 31.00<\/p>\n<p>ORECCHIETTE, BROCCOLI DI RABE<br \/>\nand SALSICCIA &#8211; 36.00<\/p>\n<p>RAVIOLI &#8211; 36.00<\/p>\n<p>SPAGHETTI BOLOGNESE &#8211; 35.00<\/p>\n<p>LINGUINE SALSA VONGOLE &#8211; 37.00<br \/>\nManila Clams<\/p>\n<p>TRENETTE AL PESTO &#8211; 31.00<br \/>\nThin Egg Noodles with Basil and Garlic<\/p>\n<p>SPAGHETTI ALLA CHECCA &#8211; 32.00<br \/>\nFresh Tomatoes, Basil and Diced Mozzarella<\/p>\n<p>PENNONI ALLA LUISA &#8211; 35.00<br \/>\nPorcini, Sun Dried Tomatoes, with a Touch<br \/>\nof Fresh Tomatoes<\/p>\n<p>LINGUINI PESCATORE &#8211; 49.00<\/p>\n<p>LINGUINI PUTTANESCA BIANCA &#8211; 29.50<br \/>\nOlive Oil, Capers, Garlic and Anchovies,<br \/>\nBlack Olives<\/p>\n<p>&nbsp;<\/p>\n<p><strong>Pesci<\/strong><\/p>\n<p>DORADO TRE STAGIONI &#8211; 47.00<br \/>\nRucola, Endivia, Radicchio, Garlic<br \/>\nwith a Touch of Tomato<\/p>\n<p>SWORDFISH LIVORNESE &#8211; 52.00<\/p>\n<p>SCAMPI FRA DIAVOLO<br \/>\nCON SPAGHETTI &#8211; 47.00<\/p>\n<p>ZUPPA DI PESCE &#8211; 57.00<br \/>\nFish Stew<\/p>\n<p>SCAMPI IL TINELLO &#8211; 47.00<br \/>\nWhite Wine with a Touch of Pesto<\/p>\n<p>SALMONE COPA SANTA &#8211; 49.00<br \/>\nWhite Wine, Asparagus &amp; Dijon Mustard<\/p>\n<p>RED SNAPPER AL TRENTINO &#8211; 48.00<br \/>\nMushrooms, Garlic, White Wine &amp; Almonds<\/p>\n<p>DOVER SOLE FRESCA &#8211;<\/p>\n<p>SCALLOPS TOSCANO &#8211; 68.00<br \/>\nJumbo Scallops in Saffron Sauce<\/p>\n<p>&nbsp;<\/p>\n<p><strong>Carni<\/strong><\/p>\n<p>SUPREMA DI POLLO BOLOGNESE &#8211; 34.00<br \/>\nChicken with Prosciutto and Cheese<\/p>\n<p>POLLO AL CHAMPAGNE &#8211; 36.00<br \/>\nBreast of Chicken, Portobello, Grapes, Champagne<\/p>\n<p>POLLO PICATA &#8211; 34.00<br \/>\nBreast of Chicken in White Wine, Lemon and Capers<\/p>\n<p>POLLO SCARPARELLO &#8211; 33.00<br \/>\nBoneless Chicken in Garlic<\/p>\n<p>SUPREMA DI POLLO MODO MIO &#8211; 36.00<br \/>\nAsparagus, Mushrooms, Shallots<br \/>\nand a Touch of White Wine<\/p>\n<p>INTRECOSTA DI MANZO &#8211; 68.00<br \/>\nBroiled Sirloin Steak<\/p>\n<p>POLLO IL TINELLO &#8211; 36.00<br \/>\nRed, Wine, Onions, Porcini with a Touch of Tomato<\/p>\n<p>POLLO CAPRESE &#8211; 41.00<br \/>\nFresh Tomatoes, Onions, Mozzarella &amp; Basil<\/p>\n<p>POLLO ROMANA &#8211; 36.00<br \/>\nArtichokes, Sun-Dried Tomatoes,<br \/>\nand a Touch of White Wine<\/p>\n<p>VALDOSTANA &#8211; 69.00<\/p>\n<p>VEAL ALLA \u201cGRANO\u201d &#8211; 68.00<\/p>\n<p>SCALOPPINE MONTE BIANCO &#8211; 44.00<br \/>\nVeal with White Wine, Shallots,<br \/>\nSpinach and Mozzarella<\/p>\n<p>VITELLO PARMIGIANA &#8211; 41.00<\/p>\n<p>SALTIMBOCCA FIORENTINA &#8211; 42.00<br \/>\nScaloppine, Prosciutto, White Wine and Spinach<\/p>\n<p>VEAL CHOP &#8211; 68.00<\/p>\n<p>VITELLO MISTERO &#8211; 45.00<br \/>\nPeppers, Capers with a Touch of White Wine<\/p>\n<p>MEDAGLIONI DI BUE &#8211; 67.00<br \/>\nMignonette of Beef<\/p>\n<p>FILET MIGNON &#8211; 68.00<\/p>\n<p>VITELLO IL TINELLO &#8211; 45.00<br \/>\nZucchini, Tomatoes, Parmigiano Cheese<br \/>\nand White Wine<\/p>\n<p>FEGATO DI VITELLO ALLA VENEZIANA &#8211; 46.00<br \/>\nServed with Polenta<\/p>\n<p>COSTOLETTA IL TINELLO &#8211; 68.00<br \/>\nWhite Wine, Artichokes with Thin Mozzarella<\/p>\n<p>&nbsp;<\/p>\n<p><strong>Legumi<\/strong><\/p>\n<p>SPINACI SALTATI &#8211; 16.00<br \/>\nSpinach Saute<\/p>\n<p>MELANZANE PARMIGIANA &#8211; 31.00<br \/>\nEggplant<\/p>\n<p>CARCIOFI SALTATI &#8211; 22.00<br \/>\nArtichokes Saute<\/p>\n<p>ASPARAGI GRATINATI &#8211; 22.00<br \/>\nAsparagus<\/p>\n<p>FUNGHTETTI MISTI &#8211; 21.95<br \/>\nPortobello &amp; Shiitake<\/p>\n<p>BROCCOLI SAUTE &#8211; 17.00<\/p>\n<p>CIME DI RABE SALTATE &#8211; 21.00<br \/>\nBroccoli Rabe<\/p>\n<p>&nbsp;<\/p>\n<p><strong>Insalate<\/strong><\/p>\n<p>RUCOLA CON PARMAGIANA &#8211; 23.00<\/p>\n<p>MISTA VERDE CON FORMAGGIO &#8211; 19.95<br \/>\nMixed Green Salad, Tomatoes, Goat Cheese,<br \/>\nand Walnuts<\/p>\n<p>INSALATA DI SPINACI &#8211; 18.50<br \/>\nFresh Spinach Salad<\/p>\n<p>INSALATA SICILIANA &#8211; 19.50<br \/>\nMesclun Salad, with Tomatoes, Onions<br \/>\nand Cucumbers<\/p>\n<p>INSALATA TRE COLORI &#8211; 19.95<br \/>\nEndivia, Rucola &amp; Radicchio<\/p>\n<p>INSALATA DI POMODORO &#8211; 18.50<br \/>\nSliced Tomato, Onion and Capers<\/p>\n<p>INSALATA DI AVOCADO &#8211; 24.95<br \/>\nAvocado, Onion, Tomatoes, and Chopped Shrimp<\/p>\n<p>CAESAR SALAD for 2 &#8211; 42.00[\/vc_column_text][divider line_type=&#8221;No Line&#8221; custom_height=&#8221;100&#8243;][\/vc_column_inner][\/vc_row_inner][\/vc_column][\/vc_row][vc_row type=&#8221;full_width_background&#8221; full_screen_row_position=&#8221;middle&#8221; column_margin=&#8221;default&#8221; column_direction=&#8221;default&#8221; column_direction_tablet=&#8221;default&#8221; column_direction_phone=&#8221;default&#8221; bg_color=&#8221;#000000&#8243; scene_position=&#8221;center&#8221; text_color=&#8221;dark&#8221; text_align=&#8221;left&#8221; row_border_radius=&#8221;none&#8221; row_border_radius_applies=&#8221;bg&#8221; overflow=&#8221;visible&#8221; id=&#8221;desserts-menu&#8221; overlay_strength=&#8221;0.3&#8243; gradient_direction=&#8221;left_to_right&#8221; shape_divider_position=&#8221;bottom&#8221; bg_image_animation=&#8221;none&#8221; gradient_type=&#8221;default&#8221; shape_type=&#8221;&#8221;][vc_column column_padding=&#8221;no-extra-padding&#8221; column_padding_tablet=&#8221;inherit&#8221; column_padding_phone=&#8221;inherit&#8221; column_padding_position=&#8221;all&#8221; column_element_direction_desktop=&#8221;default&#8221; column_element_spacing=&#8221;default&#8221; desktop_text_alignment=&#8221;default&#8221; tablet_text_alignment=&#8221;default&#8221; phone_text_alignment=&#8221;default&#8221; background_color_opacity=&#8221;1&#8243; background_hover_color_opacity=&#8221;1&#8243; column_backdrop_filter=&#8221;none&#8221; column_shadow=&#8221;none&#8221; column_border_radius=&#8221;none&#8221; column_link_target=&#8221;_self&#8221; column_position=&#8221;default&#8221; gradient_direction=&#8221;left_to_right&#8221; overlay_strength=&#8221;0.3&#8243; width=&#8221;1\/1&#8243; tablet_width_inherit=&#8221;default&#8221; animation_type=&#8221;default&#8221; bg_image_animation=&#8221;none&#8221; border_type=&#8221;simple&#8221; column_border_width=&#8221;none&#8221; column_border_style=&#8221;solid&#8221;][vc_row_inner column_margin=&#8221;default&#8221; column_direction=&#8221;default&#8221; column_direction_tablet=&#8221;default&#8221; column_direction_phone=&#8221;default&#8221; text_align=&#8221;left&#8221; row_position=&#8221;default&#8221; row_position_tablet=&#8221;inherit&#8221; row_position_phone=&#8221;inherit&#8221; overflow=&#8221;visible&#8221; pointer_events=&#8221;all&#8221;][vc_column_inner column_padding=&#8221;no-extra-padding&#8221; column_padding_tablet=&#8221;inherit&#8221; column_padding_phone=&#8221;inherit&#8221; column_padding_position=&#8221;all&#8221; column_element_direction_desktop=&#8221;default&#8221; column_element_spacing=&#8221;default&#8221; centered_text=&#8221;true&#8221; desktop_text_alignment=&#8221;default&#8221; tablet_text_alignment=&#8221;default&#8221; phone_text_alignment=&#8221;default&#8221; background_color=&#8221;#ffffff&#8221; background_color_opacity=&#8221;1&#8243; background_hover_color_opacity=&#8221;1&#8243; column_backdrop_filter=&#8221;none&#8221; font_color=&#8221;#000000&#8243; column_shadow=&#8221;none&#8221; column_border_radius=&#8221;none&#8221; column_link_target=&#8221;_self&#8221; overflow=&#8221;visible&#8221; gradient_direction=&#8221;left_to_right&#8221; overlay_strength=&#8221;0.3&#8243; width=&#8221;1\/1&#8243; tablet_width_inherit=&#8221;default&#8221; animation_type=&#8221;default&#8221; bg_image_animation=&#8221;none&#8221; border_type=&#8221;simple&#8221; column_border_width=&#8221;none&#8221; column_border_style=&#8221;solid&#8221; column_padding_type=&#8221;default&#8221; gradient_type=&#8221;default&#8221;][image_with_animation image_url=&#8221;809&#8243; image_size=&#8221;full&#8221; animation_type=&#8221;entrance&#8221; animation=&#8221;None&#8221; animation_movement_type=&#8221;transform_y&#8221; hover_animation=&#8221;none&#8221; alignment=&#8221;&#8221; border_radius=&#8221;none&#8221; box_shadow=&#8221;none&#8221; image_loading=&#8221;default&#8221; max_width=&#8221;100%&#8221; max_width_mobile=&#8221;default&#8221;][divider line_type=&#8221;No Line&#8221; custom_height=&#8221;40&#8243;][vc_column_text text_direction=&#8221;default&#8221;]\n<h3>DESSERTS<\/h3>\n<p>&nbsp;<\/p>\n<p>Tiramisu<\/p>\n<p>Chocolate Lava Cake<\/p>\n<p>Flowerless Chocolate Cake<\/p>\n<p>Ricotta Cheese Cake<\/p>\n<p>Cr\u00e8me Br\u00fbl\u00e9e<\/p>\n<p>Sauvignon Mixed Berries<\/p>\n<p>Fruits Plate<\/p>\n<p>Panna Cotta<\/p>\n<p>Classic Cannoli<\/p>\n<p>Strawberry Balsamico Flamebar<\/p>\n<p>Ice Cream<\/p>\n<p>Sorbetto[\/vc_column_text][divider line_type=&#8221;No Line&#8221; custom_height=&#8221;100&#8243;][\/vc_column_inner][\/vc_row_inner][\/vc_column][\/vc_row][vc_row type=&#8221;full_width_background&#8221; full_screen_row_position=&#8221;middle&#8221; column_margin=&#8221;default&#8221; column_direction=&#8221;default&#8221; column_direction_tablet=&#8221;default&#8221; column_direction_phone=&#8221;default&#8221; bg_color=&#8221;#000000&#8243; scene_position=&#8221;center&#8221; text_color=&#8221;dark&#8221; text_align=&#8221;left&#8221; row_border_radius=&#8221;none&#8221; row_border_radius_applies=&#8221;bg&#8221; overflow=&#8221;visible&#8221; id=&#8221;drinks-menu&#8221; overlay_strength=&#8221;0.3&#8243; gradient_direction=&#8221;left_to_right&#8221; shape_divider_position=&#8221;bottom&#8221; bg_image_animation=&#8221;none&#8221; gradient_type=&#8221;default&#8221; shape_type=&#8221;&#8221;][vc_column column_padding=&#8221;no-extra-padding&#8221; column_padding_tablet=&#8221;inherit&#8221; column_padding_phone=&#8221;inherit&#8221; column_padding_position=&#8221;all&#8221; column_element_direction_desktop=&#8221;default&#8221; column_element_spacing=&#8221;default&#8221; desktop_text_alignment=&#8221;default&#8221; tablet_text_alignment=&#8221;default&#8221; phone_text_alignment=&#8221;default&#8221; background_color_opacity=&#8221;1&#8243; background_hover_color_opacity=&#8221;1&#8243; column_backdrop_filter=&#8221;none&#8221; column_shadow=&#8221;none&#8221; column_border_radius=&#8221;none&#8221; column_link_target=&#8221;_self&#8221; column_position=&#8221;default&#8221; gradient_direction=&#8221;left_to_right&#8221; overlay_strength=&#8221;0.3&#8243; width=&#8221;1\/1&#8243; tablet_width_inherit=&#8221;default&#8221; animation_type=&#8221;default&#8221; bg_image_animation=&#8221;none&#8221; border_type=&#8221;simple&#8221; column_border_width=&#8221;none&#8221; column_border_style=&#8221;solid&#8221;][vc_row_inner column_margin=&#8221;default&#8221; column_direction=&#8221;default&#8221; column_direction_tablet=&#8221;default&#8221; column_direction_phone=&#8221;default&#8221; text_align=&#8221;left&#8221; row_position=&#8221;default&#8221; row_position_tablet=&#8221;inherit&#8221; row_position_phone=&#8221;inherit&#8221; overflow=&#8221;visible&#8221; pointer_events=&#8221;all&#8221;][vc_column_inner column_padding=&#8221;no-extra-padding&#8221; column_padding_tablet=&#8221;inherit&#8221; column_padding_phone=&#8221;inherit&#8221; column_padding_position=&#8221;all&#8221; column_element_direction_desktop=&#8221;default&#8221; column_element_spacing=&#8221;default&#8221; centered_text=&#8221;true&#8221; desktop_text_alignment=&#8221;default&#8221; tablet_text_alignment=&#8221;default&#8221; phone_text_alignment=&#8221;default&#8221; background_color=&#8221;#ffffff&#8221; background_color_opacity=&#8221;1&#8243; background_hover_color_opacity=&#8221;1&#8243; column_backdrop_filter=&#8221;none&#8221; font_color=&#8221;#000000&#8243; column_shadow=&#8221;none&#8221; column_border_radius=&#8221;none&#8221; column_link_target=&#8221;_self&#8221; overflow=&#8221;visible&#8221; gradient_direction=&#8221;left_to_right&#8221; overlay_strength=&#8221;0.3&#8243; width=&#8221;1\/1&#8243; tablet_width_inherit=&#8221;default&#8221; animation_type=&#8221;default&#8221; bg_image_animation=&#8221;none&#8221; border_type=&#8221;simple&#8221; column_border_width=&#8221;none&#8221; column_border_style=&#8221;solid&#8221; column_padding_type=&#8221;default&#8221; gradient_type=&#8221;default&#8221;][image_with_animation image_url=&#8221;810&#8243; image_size=&#8221;full&#8221; animation_type=&#8221;entrance&#8221; animation=&#8221;None&#8221; animation_movement_type=&#8221;transform_y&#8221; hover_animation=&#8221;none&#8221; alignment=&#8221;&#8221; border_radius=&#8221;none&#8221; box_shadow=&#8221;none&#8221; image_loading=&#8221;default&#8221; max_width=&#8221;100%&#8221; max_width_mobile=&#8221;default&#8221;][divider line_type=&#8221;No Line&#8221; custom_height=&#8221;40&#8243;][vc_column_text text_direction=&#8221;default&#8221;]\n<h3>COCKTAILS<\/h3>\n<p id=\"u69992-2\">COMING SOON<\/p>\n[\/vc_column_text][divider line_type=&#8221;No Line&#8221; custom_height=&#8221;200&#8243;][\/vc_column_inner][\/vc_row_inner][\/vc_column][\/vc_row]\n","protected":false},"excerpt":{"rendered":"<p>[vc_row type=&#8221;full_width_background&#8221; full_screen_row_position=&#8221;middle&#8221; column_margin=&#8221;default&#8221; column_direction=&#8221;default&#8221; column_direction_tablet=&#8221;default&#8221; column_direction_phone=&#8221;default&#8221; bg_color=&#8221;#000000&#8243; scene_position=&#8221;center&#8221; text_color=&#8221;dark&#8221; text_align=&#8221;left&#8221; row_border_radius=&#8221;none&#8221; row_border_radius_applies=&#8221;bg&#8221; overflow=&#8221;visible&#8221; id=&#8221;lunch-dinner-menu&#8221; overlay_strength=&#8221;0.3&#8243; gradient_direction=&#8221;left_to_right&#8221; shape_divider_position=&#8221;bottom&#8221; bg_image_animation=&#8221;none&#8221; gradient_type=&#8221;default&#8221; shape_type=&#8221;&#8221;][vc_column column_padding=&#8221;no-extra-padding&#8221; column_padding_tablet=&#8221;inherit&#8221; column_padding_phone=&#8221;inherit&#8221; column_padding_position=&#8221;all&#8221; column_element_direction_desktop=&#8221;default&#8221; column_element_spacing=&#8221;default&#8221; desktop_text_alignment=&#8221;default&#8221; tablet_text_alignment=&#8221;default&#8221; phone_text_alignment=&#8221;default&#8221;&#8230;<\/p>\n","protected":false},"author":1,"featured_media":0,"parent":0,"menu_order":0,"comment_status":"closed","ping_status":"closed","template":"template-no-footer.php","meta":{"footnotes":""},"class_list":["post-334","page","type-page","status-publish"],"_links":{"self":[{"href":"https:\/\/iltinellony.com\/west\/wp-json\/wp\/v2\/pages\/334","targetHints":{"allow":["GET"]}}],"collection":[{"href":"https:\/\/iltinellony.com\/west\/wp-json\/wp\/v2\/pages"}],"about":[{"href":"https:\/\/iltinellony.com\/west\/wp-json\/wp\/v2\/types\/page"}],"author":[{"embeddable":true,"href":"https:\/\/iltinellony.com\/west\/wp-json\/wp\/v2\/users\/1"}],"replies":[{"embeddable":true,"href":"https:\/\/iltinellony.com\/west\/wp-json\/wp\/v2\/comments?post=334"}],"version-history":[{"count":53,"href":"https:\/\/iltinellony.com\/west\/wp-json\/wp\/v2\/pages\/334\/revisions"}],"predecessor-version":[{"id":832,"href":"https:\/\/iltinellony.com\/west\/wp-json\/wp\/v2\/pages\/334\/revisions\/832"}],"wp:attachment":[{"href":"https:\/\/iltinellony.com\/west\/wp-json\/wp\/v2\/media?parent=334"}],"curies":[{"name":"wp","href":"https:\/\/api.w.org\/{rel}","templated":true}]}}